{"id":8065,"date":"2025-11-07T16:57:50","date_gmt":"2025-11-07T16:57:50","guid":{"rendered":"https:\/\/rositamariella.com\/?page_id=8065"},"modified":"2025-12-10T22:30:29","modified_gmt":"2025-12-10T22:30:29","slug":"cookies-policy-2","status":"publish","type":"page","link":"https:\/\/rositamariella.com\/es\/cookies-policy-2\/","title":{"rendered":"Pol\u00edtica de cookies"},"content":{"rendered":"<div data-elementor-type=\"wp-page\" data-elementor-id=\"8065\" class=\"elementor elementor-8065\" data-elementor-post-type=\"page\">\n\t\t\t\t<div class=\"elementor-element elementor-element-16ffd5 e-con-full e-flex e-con e-parent\" data-id=\"16ffd5\" data-element_type=\"container\" data-settings=\"{&quot;background_background&quot;:&quot;classic&quot;}\">\n\t\t\t\t<div class=\"elementor-element elementor-element-c2abe9d elementor-widget elementor-widget-heading\" data-id=\"c2abe9d\" data-element_type=\"widget\" data-widget_type=\"heading.default\">\n\t\t\t\t\t<h1 class=\"elementor-heading-title elementor-size-default\">Pol\u00edtica de cookies<\/h1>\t\t\t\t<\/div>\n\t\t\t\t<\/div>\n\t\t<div class=\"elementor-element elementor-element-e0d42f9 e-flex e-con-boxed e-con e-parent\" data-id=\"e0d42f9\" data-element_type=\"container\" data-settings=\"{&quot;background_background&quot;:&quot;classic&quot;}\">\n\t\t\t\t\t<div class=\"e-con-inner\">\n\t\t\t\t<div class=\"elementor-element elementor-element-85238eb elementor-widget__width-initial elementor-widget elementor-widget-text-editor\" data-id=\"85238eb\" data-element_type=\"widget\" data-widget_type=\"text-editor.default\">\n\t\t\t\t\t\t\t\t\t<div class=\"elementor-element elementor-element-0b73f36 animated-slow elementor-widget elementor-widget-heading animated fadeInDown\" data-id=\"0b73f36\" data-element_type=\"widget\" data-settings=\"{&quot;_animation&quot;:&quot;fadeInDown&quot;}\" data-widget_type=\"heading.default\"><div class=\"elementor-widget-container\"><h3 data-start=\"162\" data-end=\"184\"><strong data-start=\"166\" data-end=\"184\">Pol\u00edtica de cookies<\/strong><\/h3><p data-start=\"186\" data-end=\"434\"><strong data-start=\"186\" data-end=\"210\">1. \u00bfQu\u00e9 son las cookies?<\/strong><br data-start=\"210\" data-end=\"213\" \/>Las cookies son peque\u00f1os archivos de texto que se almacenan en su dispositivo cuando visita un sitio web. Ayudan al sitio a recordar sus preferencias, mejorar su experiencia de navegaci\u00f3n y proporcionar datos de seguimiento an\u00f3nimos a los propietarios de sitios web.<\/p><p data-start=\"441\" data-end=\"523\"><strong data-start=\"441\" data-end=\"469\">2. Tipos de cookies utilizadas<\/strong><br data-start=\"469\" data-end=\"472\" \/>Este sitio web utiliza los siguientes tipos de cookies:<\/p><ul data-start=\"525\" data-end=\"1072\"><li data-start=\"525\" data-end=\"651\"><p data-start=\"527\" data-end=\"651\"><strong data-start=\"527\" data-end=\"549\">Cookies t\u00e9cnicas:<\/strong> Necesaria para el correcto funcionamiento del sitio web y para permitir la navegaci\u00f3n por sus secciones.<\/p><\/li><li data-start=\"652\" data-end=\"791\"><p data-start=\"654\" data-end=\"791\"><strong data-start=\"654\" data-end=\"677\">Cookies anal\u00edticas:<\/strong> Permitirnos analizar el comportamiento del usuario y el rendimiento del sitio web para mejorar nuestros servicios y la experiencia del usuario.<\/p><\/li><li data-start=\"792\" data-end=\"938\"><p data-start=\"794\" data-end=\"938\"><strong data-start=\"794\" data-end=\"822\">Cookies de personalizaci\u00f3n:<\/strong> Permitir que el sitio web recuerde ciertas opciones (como el idioma o la regi\u00f3n) para ofrecer una experiencia m\u00e1s personalizada.<\/p><\/li><li data-start=\"939\" data-end=\"1072\"><p data-start=\"941\" data-end=\"1072\"><strong data-start=\"941\" data-end=\"981\">Cookies publicitarias (si procede):<\/strong> Se utiliza para mostrar publicidad relacionada con sus intereses y medir el rendimiento de las campa\u00f1as.<\/p><\/li><\/ul><p data-start=\"1079\" data-end=\"1338\"><strong data-start=\"1079\" data-end=\"1115\">3. Gesti\u00f3n o desactivaci\u00f3n de cookies<\/strong><br data-start=\"1115\" data-end=\"1118\" \/>Puede aceptar, bloquear o eliminar las cookies instaladas en su dispositivo configurando los ajustes de su navegador. Cada navegador tiene su propio m\u00e9todo para gestionar las cookies. A continuaci\u00f3n encontrar\u00e1 algunos enlaces a gu\u00edas para los navegadores m\u00e1s comunes:<\/p><ul data-start=\"1340\" data-end=\"1673\"><li data-start=\"1340\" data-end=\"1407\"><p data-start=\"1342\" data-end=\"1407\"><a class=\"decorated-link cursor-pointer\" target=\"_new\" rel=\"noopener\" data-start=\"1342\" data-end=\"1405\">Google Chrome<\/a><\/p><\/li><li data-start=\"1408\" data-end=\"1519\"><p data-start=\"1410\" data-end=\"1519\"><a class=\"decorated-link\" href=\"https:\/\/support.mozilla.org\/en-US\/kb\/cookies-information-websites-store-on-your-computer\" target=\"_new\" rel=\"noopener\" data-start=\"1410\" data-end=\"1517\">Mozilla Firefox<\/a><\/p><\/li><li data-start=\"1520\" data-end=\"1574\"><p data-start=\"1522\" data-end=\"1574\"><a class=\"decorated-link\" href=\"https:\/\/support.apple.com\/en-us\/HT201265\" target=\"_new\" rel=\"noopener\" data-start=\"1522\" data-end=\"1572\">Safari<\/a><\/p><\/li><li data-start=\"1575\" data-end=\"1673\"><p data-start=\"1577\" data-end=\"1673\"><a class=\"decorated-link cursor-pointer\" target=\"_new\" rel=\"noopener\" data-start=\"1577\" data-end=\"1673\">Microsoft Edge<\/a><\/p><\/li><\/ul><p data-start=\"1675\" data-end=\"1755\">Tenga en cuenta que desactivar las cookies puede afectar a la funcionalidad de este sitio web.<\/p><p data-start=\"1762\" data-end=\"2009\"><strong data-start=\"1762\" data-end=\"1788\">4. Cookies de terceros<\/strong><br data-start=\"1788\" data-end=\"1791\" \/>Este sitio web puede utilizar servicios de terceros que recopilar\u00e1n informaci\u00f3n con fines estad\u00edsticos, de uso del sitio por parte del usuario y para la prestaci\u00f3n de otros servicios relacionados con la actividad del sitio web y otros servicios de Internet.<\/p><p data-start=\"2011\" data-end=\"2234\">Entre ellas figuran, por ejemplo, <strong data-start=\"2039\" data-end=\"2059\">Google Analytics<\/strong>, un servicio anal\u00edtico de web prestado por Google, Inc. Puede encontrar m\u00e1s informaci\u00f3n sobre las pol\u00edticas de datos de Google en <a class=\"decorated-link\" href=\"https:\/\/policies.google.com\/privacy\" target=\"_new\" rel=\"noopener\" data-start=\"2172\" data-end=\"2233\">Privacidad y condiciones de Google<\/a>.<\/p><p data-start=\"2241\" data-end=\"2392\"><strong data-start=\"2241\" data-end=\"2255\">5. Consentimiento<\/strong><br data-start=\"2255\" data-end=\"2258\" \/>Al continuar navegando por este sitio web, usted acepta el uso de cookies en los t\u00e9rminos establecidos en la presente Pol\u00edtica de Cookies.<\/p><\/div><\/div>\t\t\t\t\t\t\t\t<\/div>\n\t\t\t\t\t<\/div>\n\t\t\t\t<\/div>\n\t\t\t\t<\/div>","protected":false},"excerpt":{"rendered":"<p>Cookies Policy Cookies Policy 1. What are cookies?Cookies are small text files that are stored on your device when you visit a website. They help the site remember your preferences, improve your browsing experience, and provide anonymized tracking data to website owners. 2. Types of cookies usedThis website uses the following types of cookies: Technical [&hellip;]<\/p>","protected":false},"author":1,"featured_media":9753,"parent":0,"menu_order":0,"comment_status":"closed","ping_status":"closed","template":"elementor_header_footer","meta":{"footnotes":""},"class_list":["post-8065","page","type-page","status-publish","has-post-thumbnail","hentry"],"yoast_head":"<!-- This site is optimized with the Yoast SEO plugin v26.6 - https:\/\/yoast.com\/wordpress\/plugins\/seo\/ -->\n<title>Cookies Policy | Rosita Mariella<\/title>\n<meta name=\"robots\" content=\"index, follow, max-snippet:-1, max-image-preview:large, max-video-preview:-1\" \/>\n<link rel=\"canonical\" href=\"https:\/\/rositamariella.com\/es\/cookies-policy-2\/\" \/>\n<meta property=\"og:locale\" content=\"es_ES\" \/>\n<meta property=\"og:type\" content=\"article\" \/>\n<meta property=\"og:title\" content=\"Cookies Policy | Rosita Mariella\" \/>\n<meta property=\"og:description\" content=\"Cookies Policy Cookies Policy 1. What are cookies?Cookies are small text files that are stored on your device when you visit a website. They help the site remember your preferences, improve your browsing experience, and provide anonymized tracking data to website owners. 2. Types of cookies usedThis website uses the following types of cookies: Technical [&hellip;]\" \/>\n<meta property=\"og:url\" content=\"https:\/\/rositamariella.com\/es\/cookies-policy-2\/\" \/>\n<meta property=\"og:site_name\" content=\"Rosita Mariella\" \/>\n<meta property=\"article:modified_time\" content=\"2025-12-10T22:30:29+00:00\" \/>\n<meta property=\"og:image\" content=\"https:\/\/rositamariella.com\/wp-content\/uploads\/2025\/12\/imagen-seo-1200-675-2.webp\" \/>\n\t<meta property=\"og:image:width\" content=\"1200\" \/>\n\t<meta property=\"og:image:height\" content=\"675\" \/>\n\t<meta property=\"og:image:type\" content=\"image\/webp\" \/>\n<meta name=\"twitter:card\" content=\"summary_large_image\" \/>\n<meta name=\"twitter:label1\" content=\"Tiempo de lectura\" \/>\n\t<meta name=\"twitter:data1\" content=\"2 minutos\" \/>\n<script type=\"application\/ld+json\" class=\"yoast-schema-graph\">{\"@context\":\"https:\/\/schema.org\",\"@graph\":[{\"@type\":\"WebPage\",\"@id\":\"https:\/\/rositamariella.com\/cookies-policy-2\/\",\"url\":\"https:\/\/rositamariella.com\/cookies-policy-2\/\",\"name\":\"Cookies Policy | Rosita Mariella\",\"isPartOf\":{\"@id\":\"https:\/\/rositamariella.com\/#website\"},\"primaryImageOfPage\":{\"@id\":\"https:\/\/rositamariella.com\/cookies-policy-2\/#primaryimage\"},\"image\":{\"@id\":\"https:\/\/rositamariella.com\/cookies-policy-2\/#primaryimage\"},\"thumbnailUrl\":\"https:\/\/rositamariella.com\/wp-content\/uploads\/2025\/12\/imagen-seo-1200-675-2.webp\",\"datePublished\":\"2025-11-07T16:57:50+00:00\",\"dateModified\":\"2025-12-10T22:30:29+00:00\",\"breadcrumb\":{\"@id\":\"https:\/\/rositamariella.com\/cookies-policy-2\/#breadcrumb\"},\"inLanguage\":\"es\",\"potentialAction\":[{\"@type\":\"ReadAction\",\"target\":[\"https:\/\/rositamariella.com\/cookies-policy-2\/\"]}]},{\"@type\":\"ImageObject\",\"inLanguage\":\"es\",\"@id\":\"https:\/\/rositamariella.com\/cookies-policy-2\/#primaryimage\",\"url\":\"https:\/\/rositamariella.com\/wp-content\/uploads\/2025\/12\/imagen-seo-1200-675-2.webp\",\"contentUrl\":\"https:\/\/rositamariella.com\/wp-content\/uploads\/2025\/12\/imagen-seo-1200-675-2.webp\",\"width\":1200,\"height\":675},{\"@type\":\"BreadcrumbList\",\"@id\":\"https:\/\/rositamariella.com\/cookies-policy-2\/#breadcrumb\",\"itemListElement\":[{\"@type\":\"ListItem\",\"position\":1,\"name\":\"Home\",\"item\":\"https:\/\/rositamariella.com\/\"},{\"@type\":\"ListItem\",\"position\":2,\"name\":\"Cookies Policy\"}]},{\"@type\":\"WebSite\",\"@id\":\"https:\/\/rositamariella.com\/#website\",\"url\":\"https:\/\/rositamariella.com\/\",\"name\":\"Rosita Mariella\",\"description\":\"Art Historian, Guide &amp; Researcher\",\"publisher\":{\"@id\":\"https:\/\/rositamariella.com\/#organization\"},\"alternateName\":\"Art Historian, Guide & Researcher\",\"potentialAction\":[{\"@type\":\"SearchAction\",\"target\":{\"@type\":\"EntryPoint\",\"urlTemplate\":\"https:\/\/rositamariella.com\/?s={search_term_string}\"},\"query-input\":{\"@type\":\"PropertyValueSpecification\",\"valueRequired\":true,\"valueName\":\"search_term_string\"}}],\"inLanguage\":\"es\"},{\"@type\":\"Organization\",\"@id\":\"https:\/\/rositamariella.com\/#organization\",\"name\":\"Rosita Mariella\",\"alternateName\":\"Art Historian, Guide & Researcher\",\"url\":\"https:\/\/rositamariella.com\/\",\"logo\":{\"@type\":\"ImageObject\",\"inLanguage\":\"es\",\"@id\":\"https:\/\/rositamariella.com\/#\/schema\/logo\/image\/\",\"url\":\"https:\/\/rositamariella.com\/wp-content\/uploads\/2025\/12\/imagen-seo-696x696-1.webp\",\"contentUrl\":\"https:\/\/rositamariella.com\/wp-content\/uploads\/2025\/12\/imagen-seo-696x696-1.webp\",\"width\":696,\"height\":696,\"caption\":\"Rosita Mariella\"},\"image\":{\"@id\":\"https:\/\/rositamariella.com\/#\/schema\/logo\/image\/\"}}]}<\/script>\n<!-- \/ Yoast SEO plugin. -->","yoast_head_json":{"title":"Cookies Policy | Rosita Mariella","robots":{"index":"index","follow":"follow","max-snippet":"max-snippet:-1","max-image-preview":"max-image-preview:large","max-video-preview":"max-video-preview:-1"},"canonical":"https:\/\/rositamariella.com\/es\/cookies-policy-2\/","og_locale":"es_ES","og_type":"article","og_title":"Cookies Policy | Rosita Mariella","og_description":"Cookies Policy Cookies Policy 1. What are cookies?Cookies are small text files that are stored on your device when you visit a website. They help the site remember your preferences, improve your browsing experience, and provide anonymized tracking data to website owners. 2. Types of cookies usedThis website uses the following types of cookies: Technical [&hellip;]","og_url":"https:\/\/rositamariella.com\/es\/cookies-policy-2\/","og_site_name":"Rosita Mariella","article_modified_time":"2025-12-10T22:30:29+00:00","og_image":[{"width":1200,"height":675,"url":"https:\/\/rositamariella.com\/wp-content\/uploads\/2025\/12\/imagen-seo-1200-675-2.webp","type":"image\/webp"}],"twitter_card":"summary_large_image","twitter_misc":{"Tiempo de lectura":"2 minutos"},"schema":{"@context":"https:\/\/schema.org","@graph":[{"@type":"WebPage","@id":"https:\/\/rositamariella.com\/cookies-policy-2\/","url":"https:\/\/rositamariella.com\/cookies-policy-2\/","name":"Cookies Policy | Rosita Mariella","isPartOf":{"@id":"https:\/\/rositamariella.com\/#website"},"primaryImageOfPage":{"@id":"https:\/\/rositamariella.com\/cookies-policy-2\/#primaryimage"},"image":{"@id":"https:\/\/rositamariella.com\/cookies-policy-2\/#primaryimage"},"thumbnailUrl":"https:\/\/rositamariella.com\/wp-content\/uploads\/2025\/12\/imagen-seo-1200-675-2.webp","datePublished":"2025-11-07T16:57:50+00:00","dateModified":"2025-12-10T22:30:29+00:00","breadcrumb":{"@id":"https:\/\/rositamariella.com\/cookies-policy-2\/#breadcrumb"},"inLanguage":"es","potentialAction":[{"@type":"ReadAction","target":["https:\/\/rositamariella.com\/cookies-policy-2\/"]}]},{"@type":"ImageObject","inLanguage":"es","@id":"https:\/\/rositamariella.com\/cookies-policy-2\/#primaryimage","url":"https:\/\/rositamariella.com\/wp-content\/uploads\/2025\/12\/imagen-seo-1200-675-2.webp","contentUrl":"https:\/\/rositamariella.com\/wp-content\/uploads\/2025\/12\/imagen-seo-1200-675-2.webp","width":1200,"height":675},{"@type":"BreadcrumbList","@id":"https:\/\/rositamariella.com\/cookies-policy-2\/#breadcrumb","itemListElement":[{"@type":"ListItem","position":1,"name":"Home","item":"https:\/\/rositamariella.com\/"},{"@type":"ListItem","position":2,"name":"Cookies Policy"}]},{"@type":"WebSite","@id":"https:\/\/rositamariella.com\/#website","url":"https:\/\/rositamariella.com\/","name":"Rosita Mariella","description":"Historiadora de arte, Gu\u00eda e Investigadora","publisher":{"@id":"https:\/\/rositamariella.com\/#organization"},"alternateName":"Art Historian, Guide & Researcher","potentialAction":[{"@type":"SearchAction","target":{"@type":"EntryPoint","urlTemplate":"https:\/\/rositamariella.com\/?s={search_term_string}"},"query-input":{"@type":"PropertyValueSpecification","valueRequired":true,"valueName":"search_term_string"}}],"inLanguage":"es"},{"@type":"Organization","@id":"https:\/\/rositamariella.com\/#organization","name":"Rosita Mariella","alternateName":"Art Historian, Guide & Researcher","url":"https:\/\/rositamariella.com\/","logo":{"@type":"ImageObject","inLanguage":"es","@id":"https:\/\/rositamariella.com\/#\/schema\/logo\/image\/","url":"https:\/\/rositamariella.com\/wp-content\/uploads\/2025\/12\/imagen-seo-696x696-1.webp","contentUrl":"https:\/\/rositamariella.com\/wp-content\/uploads\/2025\/12\/imagen-seo-696x696-1.webp","width":696,"height":696,"caption":"Rosita Mariella"},"image":{"@id":"https:\/\/rositamariella.com\/#\/schema\/logo\/image\/"}}]}},"_links":{"self":[{"href":"https:\/\/rositamariella.com\/es\/wp-json\/wp\/v2\/pages\/8065","targetHints":{"allow":["GET"]}}],"collection":[{"href":"https:\/\/rositamariella.com\/es\/wp-json\/wp\/v2\/pages"}],"about":[{"href":"https:\/\/rositamariella.com\/es\/wp-json\/wp\/v2\/types\/page"}],"author":[{"embeddable":true,"href":"https:\/\/rositamariella.com\/es\/wp-json\/wp\/v2\/users\/1"}],"replies":[{"embeddable":true,"href":"https:\/\/rositamariella.com\/es\/wp-json\/wp\/v2\/comments?post=8065"}],"version-history":[{"count":1,"href":"https:\/\/rositamariella.com\/es\/wp-json\/wp\/v2\/pages\/8065\/revisions"}],"predecessor-version":[{"id":9426,"href":"https:\/\/rositamariella.com\/es\/wp-json\/wp\/v2\/pages\/8065\/revisions\/9426"}],"wp:featuredmedia":[{"embeddable":true,"href":"https:\/\/rositamariella.com\/es\/wp-json\/wp\/v2\/media\/9753"}],"wp:attachment":[{"href":"https:\/\/rositamariella.com\/es\/wp-json\/wp\/v2\/media?parent=8065"}],"curies":[{"name":"wp","href":"https:\/\/api.w.org\/{rel}","templated":true}]}}