{"id":8055,"date":"2025-11-07T16:49:46","date_gmt":"2025-11-07T16:49:46","guid":{"rendered":"https:\/\/rositamariella.com\/?page_id=8055"},"modified":"2025-12-10T22:30:36","modified_gmt":"2025-12-10T22:30:36","slug":"legal-notice","status":"publish","type":"page","link":"https:\/\/rositamariella.com\/es\/legal-notice\/","title":{"rendered":"Aviso legal"},"content":{"rendered":"<div data-elementor-type=\"wp-page\" data-elementor-id=\"8055\" class=\"elementor elementor-8055\" data-elementor-post-type=\"page\">\n\t\t\t\t<div class=\"elementor-element elementor-element-16ffd5 e-con-full e-flex e-con e-parent\" data-id=\"16ffd5\" data-element_type=\"container\" data-settings=\"{&quot;background_background&quot;:&quot;classic&quot;}\">\n\t\t\t\t<div class=\"elementor-element elementor-element-c2abe9d elementor-widget elementor-widget-heading\" data-id=\"c2abe9d\" data-element_type=\"widget\" data-widget_type=\"heading.default\">\n\t\t\t\t\t<h1 class=\"elementor-heading-title elementor-size-default\">Aviso legal<\/h1>\t\t\t\t<\/div>\n\t\t\t\t<\/div>\n\t\t<div class=\"elementor-element elementor-element-e0d42f9 e-flex e-con-boxed e-con e-parent\" data-id=\"e0d42f9\" data-element_type=\"container\" data-settings=\"{&quot;background_background&quot;:&quot;classic&quot;}\">\n\t\t\t\t\t<div class=\"e-con-inner\">\n\t\t\t\t<div class=\"elementor-element elementor-element-85238eb elementor-widget__width-initial elementor-widget elementor-widget-text-editor\" data-id=\"85238eb\" data-element_type=\"widget\" data-widget_type=\"text-editor.default\">\n\t\t\t\t\t\t\t\t\t<div class=\"elementor-element elementor-element-0b73f36 animated-slow elementor-widget elementor-widget-heading animated fadeInDown\" data-id=\"0b73f36\" data-element_type=\"widget\" data-settings=\"{&quot;_animation&quot;:&quot;fadeInDown&quot;}\" data-widget_type=\"heading.default\"><div class=\"elementor-widget-container\"><h3><strong>Datos de identificaci\u00f3n<\/strong><\/h3><p>En cumplimiento con el deber de informaci\u00f3n recogido en el art\u00edculo 10 de la Ley 34\/2002, de 11 de julio, de Servicios de la Sociedad de la Informaci\u00f3n y de Comercio Electr\u00f3nico, a continuaci\u00f3n se exponen los datos identificativos de la misma:<br \/>El propietario del dominio de este sitio web es <strong>Rosita Mariella<\/strong>, con n\u00famero de identificaci\u00f3n fiscal NIF\/CIF <strong>Y9542161G<\/strong>.<br \/>Correo electr\u00f3nico de contacto: <strong>rositamariella@gmail.com<\/strong>.<\/p><h3 data-start=\"142\" data-end=\"184\"><strong data-start=\"146\" data-end=\"182\">Informaci\u00f3n legal y aceptaci\u00f3n<\/strong><\/h3><p data-start=\"185\" data-end=\"833\">Estas disposiciones regulan el uso del servicio de portal de Internet <strong data-start=\"250\" data-end=\"272\">www.rositamariella.com<\/strong>, un dominio propiedad de <strong data-start=\"292\" data-end=\"311\">Rosita Mariella<\/strong>, con n\u00famero de identificaci\u00f3n fiscal <strong data-start=\"344\" data-end=\"361\">CIF Y9542161G<\/strong>, Direcci\u00f3n <strong>Calle del Cardenal Cisneros 36, piso 5, 28010, Madrid<\/strong>, Correo electr\u00f3nico <strong data-start=\"441\" data-end=\"469\"><a class=\"decorated-link cursor-pointer\" rel=\"noopener\" data-start=\"443\" data-end=\"467\">rositamariella@gmail.com<\/a><\/strong>, y tel\u00e9fono <strong data-start=\"485\" data-end=\"498\">671929025<\/strong>.<br data-start=\"499\" data-end=\"502\" \/>Este sitio web es puesto a disposici\u00f3n de los usuarios de Internet por el citado profesional. La utilizaci\u00f3n de este sitio implica la aceptaci\u00f3n por parte del usuario de las condiciones de uso incluidas en el presente aviso legal. El titular se reserva el derecho a modificar tanto los contenidos y servicios de este sitio web, como las condiciones de uso, sin previo aviso.<\/p><h3 data-start=\"840\" data-end=\"886\"><strong data-start=\"844\" data-end=\"884\">Propiedad intelectual e industrial<\/strong><\/h3><p data-start=\"887\" data-end=\"1540\">Todos los contenidos del Portal -tales como textos, fotograf\u00edas, gr\u00e1ficos, im\u00e1genes, iconos, tecnolog\u00eda, software, links y dem\u00e1s contenidos audiovisuales o sonoros, as\u00ed como su dise\u00f1o gr\u00e1fico y c\u00f3digos fuente- son propiedad del titular o de terceros. No se entender\u00e1n cedidos al usuario ninguno de los derechos de explotaci\u00f3n reconocidos por la normativa vigente en materia de propiedad intelectual sobre los mismos, salvo los estrictamente necesarios para el uso del portal.<br data-start=\"1317\" data-end=\"1320\" \/>Las marcas, nombres comerciales o signos distintivos son titularidad de sus propietarios o terceros. El acceso al Portal no supone el otorgamiento de derecho alguno sobre las citadas marcas, nombres comerciales o signos distintivos.<\/p><h3 data-start=\"1547\" data-end=\"1583\"><strong data-start=\"1551\" data-end=\"1581\">Condiciones de uso del Portal<\/strong><\/h3><p data-start=\"1585\" data-end=\"1819\"><strong data-start=\"1585\" data-end=\"1599\">1. General<\/strong><br data-start=\"1599\" data-end=\"1602\" \/>El usuario se obliga a hacer un uso correcto del portal de conformidad con las disposiciones legales y las cl\u00e1usulas del presente Aviso Legal, respondiendo frente al titular de cualesquiera da\u00f1os y perjuicios que pudieran causarse como consecuencia del incumplimiento de dicha obligaci\u00f3n.<\/p><p data-start=\"1821\" data-end=\"2139\"><strong data-start=\"1821\" data-end=\"1836\">2. Contenido<\/strong><br data-start=\"1836\" data-end=\"1839\" \/>El usuario se compromete a utilizar los contenidos de este sitio web de conformidad con el presente Aviso Legal, absteni\u00e9ndose de reproducir, copiar, distribuir, poner a disposici\u00f3n, comunicar p\u00fablicamente, transformar o modificar los contenidos, salvo en los casos autorizados en la ley o expresamente consentidos por el titular.<\/p><p data-start=\"2141\" data-end=\"2525\"><strong data-start=\"2141\" data-end=\"2169\">3. Formularios de recogida de datos<\/strong><br data-start=\"2169\" data-end=\"2172\" \/>Sin perjuicio de lo establecido en la normativa relativa a la Protecci\u00f3n de Datos de Car\u00e1cter Personal, toda la informaci\u00f3n que facilite el usuario a trav\u00e9s de los formularios del sitio web deber\u00e1 ser veraz, garantiz\u00e1ndose la autenticidad de todos aquellos datos que comunique. El usuario ser\u00e1 el \u00fanico responsable de las manifestaciones falsas o inexactas que realice y de los perjuicios que de ello pudieran derivarse.<\/p><p data-start=\"2527\" data-end=\"3206\"><strong data-start=\"2527\" data-end=\"2539\">4. Enlaces<\/strong><br data-start=\"2539\" data-end=\"2542\" \/>En caso de que <strong>www.<\/strong><strong data-start=\"2560\" data-end=\"2582\">rositamariella.com<\/strong> incluye enlaces o hiperv\u00ednculos a otros sitios de Internet, <strong data-start=\"2637\" data-end=\"2656\">Rosita Mariella<\/strong> no tendr\u00e1 control alguno sobre dichos sitios y contenidos. En ning\u00fan caso <strong data-start=\"2737\" data-end=\"2756\">Rosita Mariella<\/strong> asumir\u00e1 responsabilidad alguna por los contenidos de alg\u00fan enlace perteneciente a un sitio web ajeno, ni garantizar\u00e1 la disponibilidad t\u00e9cnica, calidad, fiabilidad, exactitud, amplitud, veracidad, validez y constitucionalidad de cualquier material o informaci\u00f3n contenida en ninguno de dichos hiperv\u00ednculos u otros sitios de Internet. Igualmente la inclusi\u00f3n de estas conexiones externas no implicar\u00e1 ning\u00fan tipo de asociaci\u00f3n, fusi\u00f3n o participaci\u00f3n con las entidades conectadas.<\/p><h3 data-start=\"3213\" data-end=\"3246\"><strong data-start=\"3217\" data-end=\"3244\">Exenci\u00f3n de responsabilidad<\/strong><\/h3><p data-start=\"3247\" data-end=\"3624\"><strong data-start=\"3247\" data-end=\"3266\">Rosita Mariella<\/strong> no se hace responsable, en ning\u00fan caso, de los da\u00f1os y perjuicios de cualquier naturaleza que pudieran ocasionar, a t\u00edtulo enunciativo: errores u omisiones en los contenidos, falta de disponibilidad del portal o la transmisi\u00f3n de virus o programas maliciosos o lesivos en los contenidos, a pesar de haber adoptado todas las medidas tecnol\u00f3gicas necesarias para evitarlo.<\/p><\/div><\/div>\t\t\t\t\t\t\t\t<\/div>\n\t\t\t\t\t<\/div>\n\t\t\t\t<\/div>\n\t\t\t\t<\/div>","protected":false},"excerpt":{"rendered":"<p>Legal Notice Identification Data In compliance with the duty of information established in Article 10 of Law 34\/2002, of July 11, on Information Society Services and Electronic Commerce, the following details are provided:The owner of this website domain is Rosita Mariella, with tax identification number NIF\/CIF Y9542161G.Contact email: rositamariella@gmail.com. Legal Information and Acceptance These provisions [&hellip;]<\/p>","protected":false},"author":1,"featured_media":9753,"parent":0,"menu_order":0,"comment_status":"closed","ping_status":"closed","template":"elementor_header_footer","meta":{"footnotes":""},"class_list":["post-8055","page","type-page","status-publish","has-post-thumbnail","hentry"],"yoast_head":"<!-- This site is optimized with the Yoast SEO plugin v26.6 - https:\/\/yoast.com\/wordpress\/plugins\/seo\/ -->\n<title>Legal Notice | Rosita Mariella<\/title>\n<meta name=\"robots\" content=\"index, follow, max-snippet:-1, max-image-preview:large, max-video-preview:-1\" \/>\n<link rel=\"canonical\" href=\"https:\/\/rositamariella.com\/es\/legal-notice\/\" \/>\n<meta property=\"og:locale\" content=\"es_ES\" \/>\n<meta property=\"og:type\" content=\"article\" \/>\n<meta property=\"og:title\" content=\"Legal Notice | Rosita Mariella\" \/>\n<meta property=\"og:description\" content=\"Legal Notice Identification Data In compliance with the duty of information established in Article 10 of Law 34\/2002, of July 11, on Information Society Services and Electronic Commerce, the following details are provided:The owner of this website domain is Rosita Mariella, with tax identification number NIF\/CIF Y9542161G.Contact email: rositamariella@gmail.com. Legal Information and Acceptance These provisions [&hellip;]\" \/>\n<meta property=\"og:url\" content=\"https:\/\/rositamariella.com\/es\/legal-notice\/\" \/>\n<meta property=\"og:site_name\" content=\"Rosita Mariella\" \/>\n<meta property=\"article:modified_time\" content=\"2025-12-10T22:30:36+00:00\" \/>\n<meta property=\"og:image\" content=\"https:\/\/rositamariella.com\/wp-content\/uploads\/2025\/12\/imagen-seo-1200-675-2.webp\" \/>\n\t<meta property=\"og:image:width\" content=\"1200\" \/>\n\t<meta property=\"og:image:height\" content=\"675\" \/>\n\t<meta property=\"og:image:type\" content=\"image\/webp\" \/>\n<meta name=\"twitter:card\" content=\"summary_large_image\" \/>\n<meta name=\"twitter:label1\" content=\"Tiempo de lectura\" \/>\n\t<meta name=\"twitter:data1\" content=\"3 minutos\" \/>\n<script type=\"application\/ld+json\" class=\"yoast-schema-graph\">{\"@context\":\"https:\/\/schema.org\",\"@graph\":[{\"@type\":\"WebPage\",\"@id\":\"https:\/\/rositamariella.com\/es\/legal-notice\/\",\"url\":\"https:\/\/rositamariella.com\/es\/legal-notice\/\",\"name\":\"Legal Notice | Rosita Mariella\",\"isPartOf\":{\"@id\":\"https:\/\/rositamariella.com\/#website\"},\"primaryImageOfPage\":{\"@id\":\"https:\/\/rositamariella.com\/es\/legal-notice\/#primaryimage\"},\"image\":{\"@id\":\"https:\/\/rositamariella.com\/es\/legal-notice\/#primaryimage\"},\"thumbnailUrl\":\"https:\/\/rositamariella.com\/wp-content\/uploads\/2025\/12\/imagen-seo-1200-675-2.webp\",\"datePublished\":\"2025-11-07T16:49:46+00:00\",\"dateModified\":\"2025-12-10T22:30:36+00:00\",\"breadcrumb\":{\"@id\":\"https:\/\/rositamariella.com\/es\/legal-notice\/#breadcrumb\"},\"inLanguage\":\"es\",\"potentialAction\":[{\"@type\":\"ReadAction\",\"target\":[\"https:\/\/rositamariella.com\/es\/legal-notice\/\"]}]},{\"@type\":\"ImageObject\",\"inLanguage\":\"es\",\"@id\":\"https:\/\/rositamariella.com\/es\/legal-notice\/#primaryimage\",\"url\":\"https:\/\/rositamariella.com\/wp-content\/uploads\/2025\/12\/imagen-seo-1200-675-2.webp\",\"contentUrl\":\"https:\/\/rositamariella.com\/wp-content\/uploads\/2025\/12\/imagen-seo-1200-675-2.webp\",\"width\":1200,\"height\":675},{\"@type\":\"BreadcrumbList\",\"@id\":\"https:\/\/rositamariella.com\/es\/legal-notice\/#breadcrumb\",\"itemListElement\":[{\"@type\":\"ListItem\",\"position\":1,\"name\":\"Home\",\"item\":\"https:\/\/rositamariella.com\/\"},{\"@type\":\"ListItem\",\"position\":2,\"name\":\"Legal Notice\"}]},{\"@type\":\"WebSite\",\"@id\":\"https:\/\/rositamariella.com\/#website\",\"url\":\"https:\/\/rositamariella.com\/\",\"name\":\"Rosita Mariella\",\"description\":\"Art Historian, Guide &amp; Researcher\",\"publisher\":{\"@id\":\"https:\/\/rositamariella.com\/#organization\"},\"alternateName\":\"Art Historian, Guide & Researcher\",\"potentialAction\":[{\"@type\":\"SearchAction\",\"target\":{\"@type\":\"EntryPoint\",\"urlTemplate\":\"https:\/\/rositamariella.com\/?s={search_term_string}\"},\"query-input\":{\"@type\":\"PropertyValueSpecification\",\"valueRequired\":true,\"valueName\":\"search_term_string\"}}],\"inLanguage\":\"es\"},{\"@type\":\"Organization\",\"@id\":\"https:\/\/rositamariella.com\/#organization\",\"name\":\"Rosita Mariella\",\"alternateName\":\"Art Historian, Guide & Researcher\",\"url\":\"https:\/\/rositamariella.com\/\",\"logo\":{\"@type\":\"ImageObject\",\"inLanguage\":\"es\",\"@id\":\"https:\/\/rositamariella.com\/#\/schema\/logo\/image\/\",\"url\":\"https:\/\/rositamariella.com\/wp-content\/uploads\/2025\/12\/imagen-seo-696x696-1.webp\",\"contentUrl\":\"https:\/\/rositamariella.com\/wp-content\/uploads\/2025\/12\/imagen-seo-696x696-1.webp\",\"width\":696,\"height\":696,\"caption\":\"Rosita Mariella\"},\"image\":{\"@id\":\"https:\/\/rositamariella.com\/#\/schema\/logo\/image\/\"}}]}<\/script>\n<!-- \/ Yoast SEO plugin. -->","yoast_head_json":{"title":"Legal Notice | Rosita Mariella","robots":{"index":"index","follow":"follow","max-snippet":"max-snippet:-1","max-image-preview":"max-image-preview:large","max-video-preview":"max-video-preview:-1"},"canonical":"https:\/\/rositamariella.com\/es\/legal-notice\/","og_locale":"es_ES","og_type":"article","og_title":"Legal Notice | Rosita Mariella","og_description":"Legal Notice Identification Data In compliance with the duty of information established in Article 10 of Law 34\/2002, of July 11, on Information Society Services and Electronic Commerce, the following details are provided:The owner of this website domain is Rosita Mariella, with tax identification number NIF\/CIF Y9542161G.Contact email: rositamariella@gmail.com. Legal Information and Acceptance These provisions [&hellip;]","og_url":"https:\/\/rositamariella.com\/es\/legal-notice\/","og_site_name":"Rosita Mariella","article_modified_time":"2025-12-10T22:30:36+00:00","og_image":[{"width":1200,"height":675,"url":"https:\/\/rositamariella.com\/wp-content\/uploads\/2025\/12\/imagen-seo-1200-675-2.webp","type":"image\/webp"}],"twitter_card":"summary_large_image","twitter_misc":{"Tiempo de lectura":"3 minutos"},"schema":{"@context":"https:\/\/schema.org","@graph":[{"@type":"WebPage","@id":"https:\/\/rositamariella.com\/es\/legal-notice\/","url":"https:\/\/rositamariella.com\/es\/legal-notice\/","name":"Legal Notice | Rosita Mariella","isPartOf":{"@id":"https:\/\/rositamariella.com\/#website"},"primaryImageOfPage":{"@id":"https:\/\/rositamariella.com\/es\/legal-notice\/#primaryimage"},"image":{"@id":"https:\/\/rositamariella.com\/es\/legal-notice\/#primaryimage"},"thumbnailUrl":"https:\/\/rositamariella.com\/wp-content\/uploads\/2025\/12\/imagen-seo-1200-675-2.webp","datePublished":"2025-11-07T16:49:46+00:00","dateModified":"2025-12-10T22:30:36+00:00","breadcrumb":{"@id":"https:\/\/rositamariella.com\/es\/legal-notice\/#breadcrumb"},"inLanguage":"es","potentialAction":[{"@type":"ReadAction","target":["https:\/\/rositamariella.com\/es\/legal-notice\/"]}]},{"@type":"ImageObject","inLanguage":"es","@id":"https:\/\/rositamariella.com\/es\/legal-notice\/#primaryimage","url":"https:\/\/rositamariella.com\/wp-content\/uploads\/2025\/12\/imagen-seo-1200-675-2.webp","contentUrl":"https:\/\/rositamariella.com\/wp-content\/uploads\/2025\/12\/imagen-seo-1200-675-2.webp","width":1200,"height":675},{"@type":"BreadcrumbList","@id":"https:\/\/rositamariella.com\/es\/legal-notice\/#breadcrumb","itemListElement":[{"@type":"ListItem","position":1,"name":"Home","item":"https:\/\/rositamariella.com\/"},{"@type":"ListItem","position":2,"name":"Legal Notice"}]},{"@type":"WebSite","@id":"https:\/\/rositamariella.com\/#website","url":"https:\/\/rositamariella.com\/","name":"Rosita Mariella","description":"Historiadora de arte, Gu\u00eda e Investigadora","publisher":{"@id":"https:\/\/rositamariella.com\/#organization"},"alternateName":"Art Historian, Guide & Researcher","potentialAction":[{"@type":"SearchAction","target":{"@type":"EntryPoint","urlTemplate":"https:\/\/rositamariella.com\/?s={search_term_string}"},"query-input":{"@type":"PropertyValueSpecification","valueRequired":true,"valueName":"search_term_string"}}],"inLanguage":"es"},{"@type":"Organization","@id":"https:\/\/rositamariella.com\/#organization","name":"Rosita Mariella","alternateName":"Art Historian, Guide & Researcher","url":"https:\/\/rositamariella.com\/","logo":{"@type":"ImageObject","inLanguage":"es","@id":"https:\/\/rositamariella.com\/#\/schema\/logo\/image\/","url":"https:\/\/rositamariella.com\/wp-content\/uploads\/2025\/12\/imagen-seo-696x696-1.webp","contentUrl":"https:\/\/rositamariella.com\/wp-content\/uploads\/2025\/12\/imagen-seo-696x696-1.webp","width":696,"height":696,"caption":"Rosita Mariella"},"image":{"@id":"https:\/\/rositamariella.com\/#\/schema\/logo\/image\/"}}]}},"_links":{"self":[{"href":"https:\/\/rositamariella.com\/es\/wp-json\/wp\/v2\/pages\/8055","targetHints":{"allow":["GET"]}}],"collection":[{"href":"https:\/\/rositamariella.com\/es\/wp-json\/wp\/v2\/pages"}],"about":[{"href":"https:\/\/rositamariella.com\/es\/wp-json\/wp\/v2\/types\/page"}],"author":[{"embeddable":true,"href":"https:\/\/rositamariella.com\/es\/wp-json\/wp\/v2\/users\/1"}],"replies":[{"embeddable":true,"href":"https:\/\/rositamariella.com\/es\/wp-json\/wp\/v2\/comments?post=8055"}],"version-history":[{"count":1,"href":"https:\/\/rositamariella.com\/es\/wp-json\/wp\/v2\/pages\/8055\/revisions"}],"predecessor-version":[{"id":9427,"href":"https:\/\/rositamariella.com\/es\/wp-json\/wp\/v2\/pages\/8055\/revisions\/9427"}],"wp:featuredmedia":[{"embeddable":true,"href":"https:\/\/rositamariella.com\/es\/wp-json\/wp\/v2\/media\/9753"}],"wp:attachment":[{"href":"https:\/\/rositamariella.com\/es\/wp-json\/wp\/v2\/media?parent=8055"}],"curies":[{"name":"wp","href":"https:\/\/api.w.org\/{rel}","templated":true}]}}