{"id":6393,"date":"2024-11-06T02:50:30","date_gmt":"2024-11-06T02:50:30","guid":{"rendered":"https:\/\/togo.uxper.co\/?page_id=3"},"modified":"2025-12-10T22:30:40","modified_gmt":"2025-12-10T22:30:40","slug":"privacy-policy-2","status":"publish","type":"page","link":"https:\/\/rositamariella.com\/es\/privacy-policy-2\/","title":{"rendered":"Pol\u00edtica de privacidad"},"content":{"rendered":"<div data-elementor-type=\"wp-page\" data-elementor-id=\"6393\" class=\"elementor elementor-6393\" data-elementor-post-type=\"page\">\n\t\t\t\t<div class=\"elementor-element elementor-element-16ffd5 e-con-full e-flex e-con e-parent\" data-id=\"16ffd5\" data-element_type=\"container\" data-settings=\"{&quot;background_background&quot;:&quot;classic&quot;}\">\n\t\t\t\t<div class=\"elementor-element elementor-element-c2abe9d elementor-widget elementor-widget-heading\" data-id=\"c2abe9d\" data-element_type=\"widget\" data-widget_type=\"heading.default\">\n\t\t\t\t\t<h1 class=\"elementor-heading-title elementor-size-default\">Pol\u00edtica de privacidad<\/h1>\t\t\t\t<\/div>\n\t\t\t\t<\/div>\n\t\t<div class=\"elementor-element elementor-element-e0d42f9 e-flex e-con-boxed e-con e-parent\" data-id=\"e0d42f9\" data-element_type=\"container\" data-settings=\"{&quot;background_background&quot;:&quot;classic&quot;}\">\n\t\t\t\t\t<div class=\"e-con-inner\">\n\t\t\t\t<div class=\"elementor-element elementor-element-85238eb elementor-widget__width-initial elementor-widget elementor-widget-text-editor\" data-id=\"85238eb\" data-element_type=\"widget\" data-widget_type=\"text-editor.default\">\n\t\t\t\t\t\t\t\t\t<div class=\"elementor-element elementor-element-0b73f36 animated-slow elementor-widget elementor-widget-heading animated fadeInDown\" data-id=\"0b73f36\" data-element_type=\"widget\" data-settings=\"{&quot;_animation&quot;:&quot;fadeInDown&quot;}\" data-widget_type=\"heading.default\"><div class=\"elementor-widget-container\"><p data-start=\"85\" data-end=\"416\">De conformidad con el vigente Reglamento (UE) 2016\/679, le informamos que los datos personales que nos facilite ser\u00e1n tratados con las siguientes finalidades: mejorar la usabilidad del sitio web y acciones de marketing, as\u00ed como enviarle, en base a un inter\u00e9s leg\u00edtimo, informaci\u00f3n comercial sobre nuestros productos y servicios.<\/p><p data-start=\"418\" data-end=\"555\">Este tratamiento de datos se basar\u00e1 en su consentimiento. Al hacer clic en el bot\u00f3n \u201caceptar\u201d, el usuario acepta el tratamiento descrito anteriormente.<\/p><p data-start=\"557\" data-end=\"685\">Asimismo, le informamos de que, salvo obligaci\u00f3n legal o consentimiento expreso por su parte, sus datos no ser\u00e1n compartidos con terceros.<\/p><p data-start=\"687\" data-end=\"972\">Asimismo, se informa al usuario que en cualquier momento podr\u00e1 ejercitar los derechos de acceso, rectificaci\u00f3n, o supresi\u00f3n de datos, as\u00ed como cualesquiera otros derechos reconocidos en este documento y regulados en el Reglamento (UE) 2016\/679, notific\u00e1ndolo por correo electr\u00f3nico a la direcci\u00f3n <strong data-start=\"941\" data-end=\"969\"><a class=\"decorated-link cursor-pointer\" rel=\"noopener\" data-start=\"943\" data-end=\"967\">rositamariella@gmail.com.<\/a><\/strong><\/p><\/div><\/div>\t\t\t\t\t\t\t\t<\/div>\n\t\t\t\t\t<\/div>\n\t\t\t\t<\/div>\n\t\t\t\t<\/div>","protected":false},"excerpt":{"rendered":"<p>Privacy Policy In accordance with current Regulation (EU) 2016\/679, we inform you that the personal data you provide will be processed for the following purposes: improving website usability and marketing actions, as well as sending you, based on legitimate interest, commercial information about our products and services. This data processing will be based on your [&hellip;]<\/p>","protected":false},"author":1,"featured_media":9753,"parent":0,"menu_order":0,"comment_status":"closed","ping_status":"closed","template":"elementor_header_footer","meta":{"footnotes":""},"class_list":["post-6393","page","type-page","status-publish","has-post-thumbnail","hentry"],"yoast_head":"<!-- This site is optimized with the Yoast SEO plugin v26.6 - https:\/\/yoast.com\/wordpress\/plugins\/seo\/ -->\n<title>Privacy Policy | Rosita Mariella<\/title>\n<meta name=\"robots\" content=\"index, follow, max-snippet:-1, max-image-preview:large, max-video-preview:-1\" \/>\n<link rel=\"canonical\" href=\"https:\/\/rositamariella.com\/es\/privacy-policy-2\/\" \/>\n<meta property=\"og:locale\" content=\"es_ES\" \/>\n<meta property=\"og:type\" content=\"article\" \/>\n<meta property=\"og:title\" content=\"Privacy Policy | Rosita Mariella\" \/>\n<meta property=\"og:description\" content=\"Privacy Policy In accordance with current Regulation (EU) 2016\/679, we inform you that the personal data you provide will be processed for the following purposes: improving website usability and marketing actions, as well as sending you, based on legitimate interest, commercial information about our products and services. This data processing will be based on your [&hellip;]\" \/>\n<meta property=\"og:url\" content=\"https:\/\/rositamariella.com\/es\/privacy-policy-2\/\" \/>\n<meta property=\"og:site_name\" content=\"Rosita Mariella\" \/>\n<meta property=\"article:modified_time\" content=\"2025-12-10T22:30:40+00:00\" \/>\n<meta property=\"og:image\" content=\"https:\/\/rositamariella.com\/wp-content\/uploads\/2025\/12\/imagen-seo-1200-675-2.webp\" \/>\n\t<meta property=\"og:image:width\" content=\"1200\" \/>\n\t<meta property=\"og:image:height\" content=\"675\" \/>\n\t<meta property=\"og:image:type\" content=\"image\/webp\" \/>\n<meta name=\"twitter:card\" content=\"summary_large_image\" \/>\n<meta name=\"twitter:label1\" content=\"Tiempo de lectura\" \/>\n\t<meta name=\"twitter:data1\" content=\"1 minuto\" \/>\n<script type=\"application\/ld+json\" class=\"yoast-schema-graph\">{\"@context\":\"https:\/\/schema.org\",\"@graph\":[{\"@type\":\"WebPage\",\"@id\":\"https:\/\/rositamariella.com\/es\/privacy-policy-2\/\",\"url\":\"https:\/\/rositamariella.com\/es\/privacy-policy-2\/\",\"name\":\"Privacy Policy | Rosita Mariella\",\"isPartOf\":{\"@id\":\"https:\/\/rositamariella.com\/#website\"},\"primaryImageOfPage\":{\"@id\":\"https:\/\/rositamariella.com\/es\/privacy-policy-2\/#primaryimage\"},\"image\":{\"@id\":\"https:\/\/rositamariella.com\/es\/privacy-policy-2\/#primaryimage\"},\"thumbnailUrl\":\"https:\/\/rositamariella.com\/wp-content\/uploads\/2025\/12\/imagen-seo-1200-675-2.webp\",\"datePublished\":\"2024-11-06T02:50:30+00:00\",\"dateModified\":\"2025-12-10T22:30:40+00:00\",\"breadcrumb\":{\"@id\":\"https:\/\/rositamariella.com\/es\/privacy-policy-2\/#breadcrumb\"},\"inLanguage\":\"es\",\"potentialAction\":[{\"@type\":\"ReadAction\",\"target\":[\"https:\/\/rositamariella.com\/es\/privacy-policy-2\/\"]}]},{\"@type\":\"ImageObject\",\"inLanguage\":\"es\",\"@id\":\"https:\/\/rositamariella.com\/es\/privacy-policy-2\/#primaryimage\",\"url\":\"https:\/\/rositamariella.com\/wp-content\/uploads\/2025\/12\/imagen-seo-1200-675-2.webp\",\"contentUrl\":\"https:\/\/rositamariella.com\/wp-content\/uploads\/2025\/12\/imagen-seo-1200-675-2.webp\",\"width\":1200,\"height\":675},{\"@type\":\"BreadcrumbList\",\"@id\":\"https:\/\/rositamariella.com\/es\/privacy-policy-2\/#breadcrumb\",\"itemListElement\":[{\"@type\":\"ListItem\",\"position\":1,\"name\":\"Home\",\"item\":\"https:\/\/rositamariella.com\/\"},{\"@type\":\"ListItem\",\"position\":2,\"name\":\"Privacy Policy\"}]},{\"@type\":\"WebSite\",\"@id\":\"https:\/\/rositamariella.com\/#website\",\"url\":\"https:\/\/rositamariella.com\/\",\"name\":\"Rosita Mariella\",\"description\":\"Art Historian, Guide &amp; Researcher\",\"publisher\":{\"@id\":\"https:\/\/rositamariella.com\/#organization\"},\"alternateName\":\"Art Historian, Guide & Researcher\",\"potentialAction\":[{\"@type\":\"SearchAction\",\"target\":{\"@type\":\"EntryPoint\",\"urlTemplate\":\"https:\/\/rositamariella.com\/?s={search_term_string}\"},\"query-input\":{\"@type\":\"PropertyValueSpecification\",\"valueRequired\":true,\"valueName\":\"search_term_string\"}}],\"inLanguage\":\"es\"},{\"@type\":\"Organization\",\"@id\":\"https:\/\/rositamariella.com\/#organization\",\"name\":\"Rosita Mariella\",\"alternateName\":\"Art Historian, Guide & Researcher\",\"url\":\"https:\/\/rositamariella.com\/\",\"logo\":{\"@type\":\"ImageObject\",\"inLanguage\":\"es\",\"@id\":\"https:\/\/rositamariella.com\/#\/schema\/logo\/image\/\",\"url\":\"https:\/\/rositamariella.com\/wp-content\/uploads\/2025\/12\/imagen-seo-696x696-1.webp\",\"contentUrl\":\"https:\/\/rositamariella.com\/wp-content\/uploads\/2025\/12\/imagen-seo-696x696-1.webp\",\"width\":696,\"height\":696,\"caption\":\"Rosita Mariella\"},\"image\":{\"@id\":\"https:\/\/rositamariella.com\/#\/schema\/logo\/image\/\"}}]}<\/script>\n<!-- \/ Yoast SEO plugin. -->","yoast_head_json":{"title":"Privacy Policy | Rosita Mariella","robots":{"index":"index","follow":"follow","max-snippet":"max-snippet:-1","max-image-preview":"max-image-preview:large","max-video-preview":"max-video-preview:-1"},"canonical":"https:\/\/rositamariella.com\/es\/privacy-policy-2\/","og_locale":"es_ES","og_type":"article","og_title":"Privacy Policy | Rosita Mariella","og_description":"Privacy Policy In accordance with current Regulation (EU) 2016\/679, we inform you that the personal data you provide will be processed for the following purposes: improving website usability and marketing actions, as well as sending you, based on legitimate interest, commercial information about our products and services. This data processing will be based on your [&hellip;]","og_url":"https:\/\/rositamariella.com\/es\/privacy-policy-2\/","og_site_name":"Rosita Mariella","article_modified_time":"2025-12-10T22:30:40+00:00","og_image":[{"width":1200,"height":675,"url":"https:\/\/rositamariella.com\/wp-content\/uploads\/2025\/12\/imagen-seo-1200-675-2.webp","type":"image\/webp"}],"twitter_card":"summary_large_image","twitter_misc":{"Tiempo de lectura":"1 minuto"},"schema":{"@context":"https:\/\/schema.org","@graph":[{"@type":"WebPage","@id":"https:\/\/rositamariella.com\/es\/privacy-policy-2\/","url":"https:\/\/rositamariella.com\/es\/privacy-policy-2\/","name":"Privacy Policy | Rosita Mariella","isPartOf":{"@id":"https:\/\/rositamariella.com\/#website"},"primaryImageOfPage":{"@id":"https:\/\/rositamariella.com\/es\/privacy-policy-2\/#primaryimage"},"image":{"@id":"https:\/\/rositamariella.com\/es\/privacy-policy-2\/#primaryimage"},"thumbnailUrl":"https:\/\/rositamariella.com\/wp-content\/uploads\/2025\/12\/imagen-seo-1200-675-2.webp","datePublished":"2024-11-06T02:50:30+00:00","dateModified":"2025-12-10T22:30:40+00:00","breadcrumb":{"@id":"https:\/\/rositamariella.com\/es\/privacy-policy-2\/#breadcrumb"},"inLanguage":"es","potentialAction":[{"@type":"ReadAction","target":["https:\/\/rositamariella.com\/es\/privacy-policy-2\/"]}]},{"@type":"ImageObject","inLanguage":"es","@id":"https:\/\/rositamariella.com\/es\/privacy-policy-2\/#primaryimage","url":"https:\/\/rositamariella.com\/wp-content\/uploads\/2025\/12\/imagen-seo-1200-675-2.webp","contentUrl":"https:\/\/rositamariella.com\/wp-content\/uploads\/2025\/12\/imagen-seo-1200-675-2.webp","width":1200,"height":675},{"@type":"BreadcrumbList","@id":"https:\/\/rositamariella.com\/es\/privacy-policy-2\/#breadcrumb","itemListElement":[{"@type":"ListItem","position":1,"name":"Home","item":"https:\/\/rositamariella.com\/"},{"@type":"ListItem","position":2,"name":"Privacy Policy"}]},{"@type":"WebSite","@id":"https:\/\/rositamariella.com\/#website","url":"https:\/\/rositamariella.com\/","name":"Rosita Mariella","description":"Historiadora de arte, Gu\u00eda e Investigadora","publisher":{"@id":"https:\/\/rositamariella.com\/#organization"},"alternateName":"Art Historian, Guide & Researcher","potentialAction":[{"@type":"SearchAction","target":{"@type":"EntryPoint","urlTemplate":"https:\/\/rositamariella.com\/?s={search_term_string}"},"query-input":{"@type":"PropertyValueSpecification","valueRequired":true,"valueName":"search_term_string"}}],"inLanguage":"es"},{"@type":"Organization","@id":"https:\/\/rositamariella.com\/#organization","name":"Rosita Mariella","alternateName":"Art Historian, Guide & Researcher","url":"https:\/\/rositamariella.com\/","logo":{"@type":"ImageObject","inLanguage":"es","@id":"https:\/\/rositamariella.com\/#\/schema\/logo\/image\/","url":"https:\/\/rositamariella.com\/wp-content\/uploads\/2025\/12\/imagen-seo-696x696-1.webp","contentUrl":"https:\/\/rositamariella.com\/wp-content\/uploads\/2025\/12\/imagen-seo-696x696-1.webp","width":696,"height":696,"caption":"Rosita Mariella"},"image":{"@id":"https:\/\/rositamariella.com\/#\/schema\/logo\/image\/"}}]}},"_links":{"self":[{"href":"https:\/\/rositamariella.com\/es\/wp-json\/wp\/v2\/pages\/6393","targetHints":{"allow":["GET"]}}],"collection":[{"href":"https:\/\/rositamariella.com\/es\/wp-json\/wp\/v2\/pages"}],"about":[{"href":"https:\/\/rositamariella.com\/es\/wp-json\/wp\/v2\/types\/page"}],"author":[{"embeddable":true,"href":"https:\/\/rositamariella.com\/es\/wp-json\/wp\/v2\/users\/1"}],"replies":[{"embeddable":true,"href":"https:\/\/rositamariella.com\/es\/wp-json\/wp\/v2\/comments?post=6393"}],"version-history":[{"count":1,"href":"https:\/\/rositamariella.com\/es\/wp-json\/wp\/v2\/pages\/6393\/revisions"}],"predecessor-version":[{"id":9428,"href":"https:\/\/rositamariella.com\/es\/wp-json\/wp\/v2\/pages\/6393\/revisions\/9428"}],"wp:featuredmedia":[{"embeddable":true,"href":"https:\/\/rositamariella.com\/es\/wp-json\/wp\/v2\/media\/9753"}],"wp:attachment":[{"href":"https:\/\/rositamariella.com\/es\/wp-json\/wp\/v2\/media?parent=6393"}],"curies":[{"name":"wp","href":"https:\/\/api.w.org\/{rel}","templated":true}]}}